{"id":7694,"date":"2022-02-24T16:16:28","date_gmt":"2022-02-24T16:16:28","guid":{"rendered":"https:\/\/farandwild.org\/indigenous\/?page_id=7694"},"modified":"2024-07-30T18:22:20","modified_gmt":"2024-07-30T17:22:20","slug":"indigenous","status":"publish","type":"page","link":"https:\/\/farandwild.org\/indigenous\/ga\/","title":{"rendered":"Indigenous"},"content":{"rendered":"\n  <div class=\"banner has-hover has-parallax\" id=\"banner-723568449\">\n          <div class=\"banner-inner fill\">\n        <div class=\"banner-bg fill\" data-parallax=\"-3\" data-parallax-container=\".banner\" data-parallax-background>\n            <div class=\"bg fill bg-fill \"><\/div>\n                        <div class=\"overlay\"><\/div>            \n                    <\/div>\n\t\t\n        <div class=\"banner-layers container\">\n            <div class=\"fill banner-link\"><\/div>            \n   <div id=\"text-box-1204449152\" class=\"text-box banner-layer x50 md-x50 lg-x50 y75 md-y75 lg-y75 res-text\">\n                                <div class=\"text-box-content text dark\">\n              \n              <div class=\"text-inner text-center\">\n                  \n<h3 class=\"uppercase\"><strong>Turas D\u00fachasach &#8211; Bun\u00e1iteanna &#8211; F\u00edordhaoine<\/strong><\/h3>\n<p>Le Turas | D\u00fachasach bheirtear eisp\u00e9iris a th\u00e9ann go cro\u00edl\u00e1r an chult\u00fair ar oile\u00e1n na h\u00c9ireann.<\/p>\n              <\/div>\n           <\/div>\n                            \n<style>\n#text-box-1204449152 {\n  width: 58%;\n}\n#text-box-1204449152 .text-box-content {\n  font-size: 100%;\n}\n<\/style>\n    <\/div>\n \n        <\/div>\n      <\/div>\n\n            \n<style>\n#banner-723568449 {\n  padding-top: 700px;\n}\n#banner-723568449 .bg.bg-loaded {\n  background-image: url(https:\/\/farandwild.org\/indigenous\/wp-content\/uploads\/sites\/2\/2022\/02\/Tory-island-aerial-view.jpg);\n}\n#banner-723568449 .overlay {\n  background-color: rgba(0,0,0,.5);\n}\n@media (min-width:550px) {\n  #banner-723568449 {\n    padding-top: 700px;\n  }\n}\n@media (min-width:850px) {\n  #banner-723568449 {\n    padding-top: 700px;\n  }\n}\n<\/style>\n  <\/div>\n\n\n\t<section class=\"section\" id=\"section_314251331\">\n\t\t<div class=\"bg section-bg fill bg-fill  bg-loaded\" >\n\n\t\t\t\n\t\t\t\n\t\t\t\n\n\t\t<\/div>\n\n\t\t\n\n\t\t<div class=\"section-content relative\">\n\t\t\t\n<div class=\"row align-middle align-center\"  id=\"row-992151701\">\n\n\t<div id=\"col-740737555\" class=\"col medium-8 small-12 large-8\"  >\n\t\t\t\t<div class=\"col-inner\"  >\n\t\t\t\n\t\t\t\n<h4>Turais Bhunaidh agus D\u00fachasach<\/h4>\n<p>Sna turais fr\u00edd \u00e1r dt\u00edrdhreach agus fr\u00edd dhreach na farraige t\u00e1 deiseanna le tuiscint a fh\u00e1il ar chomhth\u00e9acs cult\u00fartha an tsaoil a bh\u00ed ann agus a mhair sna h\u00e1iteanna c\u00e9anna.<\/p>\n<p><span data-text-color=\"primary\"><em><strong>Nochtann Turas | D\u00fachasach na sraitheanna \u00e9ags\u00fala de na gr\u00e9as\u00e1in seo a scr\u00edobhadh ar thalamh agus ar uiscebheala\u00ed na h\u00c9ireann, a bheir cuireadh duit teacht isteach sa sc\u00e9al uath\u00fail, beo, dhath\u00fail seo.<\/strong><\/em><\/span><\/p>\n<p>Baineann gach Turas le h\u00e1it ar leith ag am ar leith sa bhliain. T\u00e1 l\u00f3ist\u00edocht \u00e1r dturais bunaithe ar an sceideal s&#8217;agat agus ar an am a bhfuil t\u00fa ar f\u00e1il. Le treoir \u00f3 threoraithe de chuid na h\u00e1ite, bh\u00e9arfar mar bhronntanas duit a gcuid taith\u00ed agus a ndearcadh ar an chult\u00far, rud a fh\u00e1gfas go mbeidh Turas agat ina mbeidh eisp\u00e9ireas nach nd\u00e9anfaidh t\u00fa dearmad de.<\/p>\n\t\t<\/div>\n\t\t\t\t\n<style>\n#col-740737555 > .col-inner {\n  margin: 0px 0px -70px 0px;\n}\n<\/style>\n\t<\/div>\n\n\t\n\n\t<div id=\"col-1981951562\" class=\"col medium-4 small-12 large-4\"  >\n\t\t\t\t<div class=\"col-inner text-center\"  >\n\t\t\t\n\t\t\t\n\t<div class=\"img has-hover x md-x lg-x y md-y lg-y\" id=\"image_344298658\">\n\t\t\t\t\t\t<div data-animate=\"fadeInDown\">\t\t<div class=\"img-inner dark\" style=\"margin:0px 0px 0px 0px;\">\n\t\t\t<img loading=\"lazy\" decoding=\"async\" width=\"800\" height=\"804\" src=\"https:\/\/farandwild.org\/indigenous\/wp-content\/uploads\/sites\/2\/2022\/02\/indigenous.png\" class=\"attachment-large size-large\" alt=\"\" srcset=\"https:\/\/farandwild.org\/indigenous\/wp-content\/uploads\/sites\/2\/2022\/02\/indigenous.png 800w, https:\/\/farandwild.org\/indigenous\/wp-content\/uploads\/sites\/2\/2022\/02\/indigenous-150x150.png 150w, https:\/\/farandwild.org\/indigenous\/wp-content\/uploads\/sites\/2\/2022\/02\/indigenous-768x772.png 768w, https:\/\/farandwild.org\/indigenous\/wp-content\/uploads\/sites\/2\/2022\/02\/indigenous-50x50.png 50w, https:\/\/farandwild.org\/indigenous\/wp-content\/uploads\/sites\/2\/2022\/02\/indigenous-600x603.png 600w, https:\/\/farandwild.org\/indigenous\/wp-content\/uploads\/sites\/2\/2022\/02\/indigenous-100x100.png 100w\" sizes=\"auto, (max-width: 800px) 100vw, 800px\" \/>\t\t\t\t\t\t\n\t\t\t\t\t<\/div>\n\t\t<\/div>\t\t\t\t\t\t\n<style>\n#image_344298658 {\n  width: 85%;\n}\n@media (min-width:850px) {\n  #image_344298658 {\n    width: 100%;\n  }\n}\n<\/style>\n\t<\/div>\n\t\n\t\t<\/div>\n\t\t\t\t\n<style>\n#col-1981951562 > .col-inner {\n  margin: 0px 0px -70px 0px;\n}\n<\/style>\n\t<\/div>\n\n\t\n<\/div>\n\t\t<\/div>\n\n\t\t\n<style>\n#section_314251331 {\n  padding-top: 90px;\n  padding-bottom: 90px;\n  background-color: rgb(255,255,255);\n}\n<\/style>\n\t<\/section>\n\t\n\t<section class=\"section\" id=\"section_268156857\">\n\t\t<div class=\"bg section-bg fill bg-fill  bg-loaded\" >\n\n\t\t\t\n\t\t\t\n\t\t\t\n\n\t\t<\/div>\n\n\t\t\n\n\t\t<div class=\"section-content relative\">\n\t\t\t\n\t<div id=\"gap-318013253\" class=\"gap-element clearfix\" style=\"display:block; height:auto;\">\n\t\t\n<style>\n#gap-318013253 {\n  padding-top: 30px;\n}\n<\/style>\n\t<\/div>\n\t\n<div class=\"row align-middle align-center\"  id=\"row-1385753807\">\n\n\t<div id=\"col-1682067450\" class=\"col medium-12 small-12 large-6\"  >\n\t\t\t\t<div class=\"col-inner\"  >\n\t\t\t\n\t\t\t\n<div class=\"row\"  id=\"row-612522295\">\n\n\t<div id=\"col-819796172\" class=\"col medium-6 small-12 large-9\"  >\n\t\t\t\t<div class=\"col-inner\"  data-parallax-fade=\"true\" data-parallax=\"-4\">\n\t\t\t\n\t\t\t\n\n  <div class=\"banner has-hover\" id=\"banner-1259930362\">\n          <div class=\"banner-inner fill\">\n        <div class=\"banner-bg fill\" >\n            <div class=\"bg fill bg-fill \"><\/div>\n                                    \n                    <\/div>\n\t\t\n        <div class=\"banner-layers container\">\n            <div class=\"fill banner-link\"><\/div>            \n        <\/div>\n      <\/div>\n\n            \n<style>\n#banner-1259930362 {\n  padding-top: 99.99%;\n  background-color: rgba(0, 0, 0, 0);\n}\n#banner-1259930362 .bg.bg-loaded {\n  background-image: url(https:\/\/farandwild.org\/indigenous\/wp-content\/uploads\/sites\/2\/2022\/02\/Tory-island-landscape-people-1024x683.jpg);\n}\n@media (min-width:550px) {\n  #banner-1259930362 {\n    padding-top: 150%;\n  }\n}\n@media (min-width:850px) {\n  #banner-1259930362 {\n    padding-top: 117%;\n  }\n}\n<\/style>\n  <\/div>\n\n\n\t\t<\/div>\n\t\t\t\t\t<\/div>\n\n\t\n<\/div>\n<div class=\"row align-right\"  id=\"row-1384700896\">\n\n\t<div id=\"col-1762826438\" class=\"col medium-10 small-12 large-10\"  >\n\t\t\t\t<div class=\"col-inner\"  data-parallax-fade=\"true\" data-parallax=\"3\">\n\t\t\t\n\t\t\t\n\n  <div class=\"banner has-hover\" id=\"banner-1386943786\">\n          <div class=\"banner-inner fill\">\n        <div class=\"banner-bg fill\" >\n            <div class=\"bg fill bg-fill \"><\/div>\n                                    \n                    <\/div>\n\t\t\n        <div class=\"banner-layers container\">\n            <div class=\"fill banner-link\"><\/div>            \n        <\/div>\n      <\/div>\n\n            \n<style>\n#banner-1386943786 {\n  padding-top: 60%;\n  background-color: rgba(0, 0, 0, 0);\n}\n#banner-1386943786 .bg.bg-loaded {\n  background-image: url(https:\/\/farandwild.org\/indigenous\/wp-content\/uploads\/sites\/2\/2022\/02\/tori-island-waves-1024x682.jpg);\n}\n@media (min-width:550px) {\n  #banner-1386943786 {\n    padding-top: 75%;\n  }\n}\n<\/style>\n  <\/div>\n\n\n\t\t<\/div>\n\t\t\t\t\n<style>\n#col-1762826438 > .col-inner {\n  margin: 0 0px 0px 0px;\n}\n@media (min-width:550px) {\n  #col-1762826438 > .col-inner {\n    margin: -290px 0px 0px 0px;\n  }\n}\n@media (min-width:850px) {\n  #col-1762826438 > .col-inner {\n    margin: -90px 0px 0px 0px;\n  }\n}\n<\/style>\n\t<\/div>\n\n\t\n<\/div>\n\t\t<\/div>\n\t\t\t\t\t<\/div>\n\n\t\n\n\t<div id=\"col-1607955441\" class=\"col medium-12 small-12 large-6\"  >\n\t\t\t\t<div class=\"col-inner\"  >\n\t\t\t\n\t\t\t\n<p><span data-text-color=\"primary\"><em><strong>Cad is D\u00fachasach?<\/strong><\/em><\/span><\/p>\n<p>Ar leibh\u00e9al iontach bun\u00fasach, sa gheola\u00edocht agus sa topagrafa\u00edocht a bh\u00edonn ann mar thoradh &#8211; an chr\u00e9 agus patr\u00fain ghluaiseacht an uisce &#8211; at\u00e1 an sc\u00e9al c\u00fanta faoi gach rud a mhaireann ar a dromchla &#8211; c\u00f3na\u00ed daonna san \u00e1ireamh.<\/p>\n<p>L\u00e9ir\u00edtear i staid\u00e9ar ar an ghn\u00e1th\u00f3g agus i n\u00f3sanna maireacht\u00e1la an fhiadh\u00falra i ngach su\u00edomh a saincharachtar &#8211; b&#8217;fh\u00e9idir gur fr\u00edd an bh\u00e9aloideas agus an traidisi\u00fan a bheir sc\u00e9alta a bhaineann le speicis \u00e1irithe, mar shampla an R\u00f3n, chun solais saol n\u00edos dath\u00fala de sc\u00e9alta a thugann n\u00edos m\u00f3 fuinnimh do chiall don \u00e1it.<\/p>\n<p>San idirghn\u00edomh\u00fa d&#8217;eachtra\u00ed daonna leis an speiceas \u00e1irid at\u00e1 luaite leis an \u00e1it, agus a thugann &#8216;\u00e1it ch\u00f3naithe&#8217; ar an topografa\u00edocht ar na gaobhair, gineadh gr\u00e9as\u00e1n saibhir de dhra\u00edocht agus de mhalart\u00fa nach bhfaightear in \u00e1it ar bith eile, rud a ins\u00edonn sc\u00e9al \u00f3n stair le solas a chaitheamh ar an am i l\u00e1thair.<\/p>\n<p>Ar mh\u00f3r\u00e1n d\u00f3igheanna is sa Ghaeilge at\u00e1 an eochair a fheabhsa\u00edonn an tuiscint, n\u00f3 is i logainmneacha a l\u00e9ir\u00edtear a gcruth fisici\u00fail n\u00f3 a n-\u00e1it i sc\u00e9al stairi\u00fail a bhaineann le gach \u00e1it.<\/p>\n<p>&nbsp;<\/p>\n\t\t<\/div>\n\t\t\t\t\n<style>\n#col-1607955441 > .col-inner {\n  padding: 0px 0 0px 0px;\n}\n@media (min-width:550px) {\n  #col-1607955441 > .col-inner {\n    padding: 0px 10% 0px 0px;\n  }\n}\n@media (min-width:850px) {\n  #col-1607955441 > .col-inner {\n    padding: 0px 0px 0px 0%;\n  }\n}\n<\/style>\n\t<\/div>\n\n\t\n<\/div>\n\t\t<\/div>\n\n\t\t\n<style>\n#section_268156857 {\n  padding-top: 30px;\n  padding-bottom: 30px;\n}\n<\/style>\n\t<\/section>\n\t\n\t<div id=\"stack-2387632878\" class=\"stack stack-row justify-center items-start\">\n\t\t\n\t<div class=\"img has-hover x md-x lg-x y md-y lg-y\" id=\"image_524141180\">\n\t\t\t\t\t\t\t\t<div class=\"img-inner dark\" >\n\t\t\t<img loading=\"lazy\" decoding=\"async\" width=\"900\" height=\"821\" src=\"https:\/\/farandwild.org\/indigenous\/wp-content\/uploads\/sites\/2\/2022\/02\/farandwild-black.png\" class=\"attachment-large size-large\" alt=\"\" srcset=\"https:\/\/farandwild.org\/indigenous\/wp-content\/uploads\/sites\/2\/2022\/02\/farandwild-black.png 900w, https:\/\/farandwild.org\/indigenous\/wp-content\/uploads\/sites\/2\/2022\/02\/farandwild-black-300x274.png 300w, https:\/\/farandwild.org\/indigenous\/wp-content\/uploads\/sites\/2\/2022\/02\/farandwild-black-768x701.png 768w, https:\/\/farandwild.org\/indigenous\/wp-content\/uploads\/sites\/2\/2022\/02\/farandwild-black-510x465.png 510w\" sizes=\"auto, (max-width: 900px) 100vw, 900px\" \/>\t\t\t\t\t\t\n\t\t\t\t\t<\/div>\n\t\t\t\t\t\t\t\t\n<style>\n#image_524141180 {\n  width: 10.5%;\n}\n<\/style>\n\t<\/div>\n\t\n\t<div class=\"img has-hover x md-x lg-x y md-y lg-y\" id=\"image_183383556\">\n\t\t\t\t\t\t\t\t<div class=\"img-inner dark\" >\n\t\t\t<img loading=\"lazy\" decoding=\"async\" width=\"800\" height=\"804\" src=\"https:\/\/farandwild.org\/indigenous\/wp-content\/uploads\/sites\/2\/2022\/02\/indigenous.png\" class=\"attachment-large size-large\" alt=\"\" srcset=\"https:\/\/farandwild.org\/indigenous\/wp-content\/uploads\/sites\/2\/2022\/02\/indigenous.png 800w, https:\/\/farandwild.org\/indigenous\/wp-content\/uploads\/sites\/2\/2022\/02\/indigenous-150x150.png 150w, https:\/\/farandwild.org\/indigenous\/wp-content\/uploads\/sites\/2\/2022\/02\/indigenous-768x772.png 768w, https:\/\/farandwild.org\/indigenous\/wp-content\/uploads\/sites\/2\/2022\/02\/indigenous-50x50.png 50w, https:\/\/farandwild.org\/indigenous\/wp-content\/uploads\/sites\/2\/2022\/02\/indigenous-600x603.png 600w, https:\/\/farandwild.org\/indigenous\/wp-content\/uploads\/sites\/2\/2022\/02\/indigenous-100x100.png 100w\" sizes=\"auto, (max-width: 800px) 100vw, 800px\" \/>\t\t\t\t\t\t\n\t\t\t\t\t<\/div>\n\t\t\t\t\t\t\t\t\n<style>\n#image_183383556 {\n  width: 10%;\n}\n<\/style>\n\t<\/div>\n\t\n\t\t\n<style>\n#stack-2387632878 > * {\n  --stack-gap: 2.25rem;\n}\n<\/style>\n\t<\/div>\n\t\n\t<div id=\"gap-1813193913\" class=\"gap-element clearfix\" style=\"display:block; height:auto;\">\n\t\t\n<style>\n#gap-1813193913 {\n  padding-top: 30px;\n}\n<\/style>\n\t<\/div>\n\t\n<div class=\"container section-title-container\" style=\"max-width:501px;\"><h3 class=\"section-title section-title-center\"><b><\/b><span class=\"section-title-main\" style=\"font-size:150%;color:rgb(14, 136, 207);\">Our Tours<\/span><b><\/b><\/h3><\/div>\n<div class=\"row\"  id=\"row-7562755\">\n\n\t<div id=\"col-1183419916\" class=\"col medium-4 small-12 large-4\"  >\n\t\t\t\t<div class=\"col-inner\"  >\n\t\t\t\n\t\t\t\n\t<div id=\"text-2845015821\" class=\"text\">\n\t\t\n<h2 style=\"text-align: center;\">Ag Si\u00fal ar an Imeall<\/h2>\n<div>\n<h5 style=\"text-align: center;\">Tumadh in Oile\u00e1n Fi\u00e1in<\/h5>\n<\/div>\n\t\t\n<style>\n#text-2845015821 {\n  line-height: 0.75;\n}\n<\/style>\n\t<\/div>\n\t\n\t<div id=\"gap-132068496\" class=\"gap-element clearfix\" style=\"display:block; height:auto;\">\n\t\t\n<style>\n#gap-132068496 {\n  padding-top: 15px;\n}\n<\/style>\n\t<\/div>\n\t\n\t<div class=\"img has-hover x md-x lg-x y md-y lg-y\" id=\"image_1910825576\">\n\t\t<a class=\"\" href=\"https:\/\/farandwild.org\/indigenous\/ga\/tour\/walking-the-edge-ag-suil-an-imeall\/\" >\t\t\t\t\t\t<div class=\"img-inner image-cover dark\" style=\"padding-top:300px;\">\n\t\t\t<img loading=\"lazy\" decoding=\"async\" width=\"1020\" height=\"726\" src=\"https:\/\/farandwild.org\/indigenous\/wp-content\/uploads\/sites\/2\/2022\/02\/Aerial-Tory-Island-1024x729.jpg\" class=\"attachment-large size-large\" alt=\"\" srcset=\"https:\/\/farandwild.org\/indigenous\/wp-content\/uploads\/sites\/2\/2022\/02\/Aerial-Tory-Island-1024x729.jpg 1024w, https:\/\/farandwild.org\/indigenous\/wp-content\/uploads\/sites\/2\/2022\/02\/Aerial-Tory-Island-300x214.jpg 300w, https:\/\/farandwild.org\/indigenous\/wp-content\/uploads\/sites\/2\/2022\/02\/Aerial-Tory-Island-768x547.jpg 768w, https:\/\/farandwild.org\/indigenous\/wp-content\/uploads\/sites\/2\/2022\/02\/Aerial-Tory-Island-510x363.jpg 510w, https:\/\/farandwild.org\/indigenous\/wp-content\/uploads\/sites\/2\/2022\/02\/Aerial-Tory-Island.jpg 1420w\" sizes=\"auto, (max-width: 1020px) 100vw, 1020px\" \/>\t\t\t\t\t\t\n\t\t\t\t\t<\/div>\n\t\t\t\t\t\t<\/a>\t\t\n<style>\n#image_1910825576 {\n  width: 100%;\n}\n<\/style>\n\t<\/div>\n\t\n\t<div id=\"text-4025227888\" class=\"text\">\n\t\t\n<p><span style=\"font-size: 120%;\"><strong>From: \u20ac50<\/strong><\/span><br \/>\nT\u00e1 Oile\u00e1n Thora\u00ed (cialla\u00edonn Toraigh \u00e1it a bhfuil beanna arda crochta) suite 14m amach \u00f3 ch\u00f3sta Iarthuaisceart na h\u00c9ireann agus is seoid dhr\u00e1mat\u00fail mhiotasach \u00e9 i stair agus in oidhreacht na h\u00c9ireann. Labhra\u00edonn an dream at\u00e1 ina gc\u00f3na\u00ed i dToraigh Gaeilge, agus is de ph\u00f3r fada br\u00edomhar iad a th\u00e9ann siar go dt\u00ed an seanam.<br \/>\n\t\t\n<style>\n#text-4025227888 {\n  text-align: left;\n}\n<\/style>\n\t<\/div>\n\t\n<a href=\"https:\/\/farandwild.org\/indigenous\/ga\/tour\/walking-the-edge-ag-suil-an-imeall\/\" class=\"button primary\"  >\n    <span>Book now<\/span>\n  <\/a>\n\n\t\t<\/div>\n\t\t\t\t\t<\/div>\n\n\t\n\n\t<div id=\"col-1499554294\" class=\"col medium-4 small-12 large-4\"  >\n\t\t\t\t<div class=\"col-inner\"  >\n\t\t\t\n\t\t\t\n\t<div id=\"text-888728917\" class=\"text\">\n\t\t\n<h2 style=\"text-align: center;\"><span lang=\"EN-GB\">Our Life Beneath the Sea Snorkelling<br \/>\n<\/span><\/h2>\n\t\t\n<style>\n#text-888728917 {\n  line-height: 1.05;\n}\n<\/style>\n\t<\/div>\n\t\n\t<div id=\"gap-1115192633\" class=\"gap-element clearfix\" style=\"display:block; height:auto;\">\n\t\t\n<style>\n#gap-1115192633 {\n  padding-top: 15px;\n}\n<\/style>\n\t<\/div>\n\t\n\t<div class=\"img has-hover x md-x lg-x y md-y lg-y\" id=\"image_1332354319\">\n\t\t<a class=\"\" href=\"https:\/\/farandwild.org\/indigenous\/tour\/giants-causeway-coast-kayaking\/\" >\t\t\t\t\t\t<div class=\"img-inner image-cover dark\" style=\"padding-top:300px;\">\n\t\t\t<img loading=\"lazy\" decoding=\"async\" width=\"1020\" height=\"574\" src=\"https:\/\/farandwild.org\/indigenous\/wp-content\/uploads\/sites\/2\/2024\/05\/20230502_120315-1024x576.jpeg\" class=\"attachment-large size-large\" alt=\"\" srcset=\"https:\/\/farandwild.org\/indigenous\/wp-content\/uploads\/sites\/2\/2024\/05\/20230502_120315-1024x576.jpeg 1024w, https:\/\/farandwild.org\/indigenous\/wp-content\/uploads\/sites\/2\/2024\/05\/20230502_120315-300x169.jpeg 300w, https:\/\/farandwild.org\/indigenous\/wp-content\/uploads\/sites\/2\/2024\/05\/20230502_120315-768x432.jpeg 768w, https:\/\/farandwild.org\/indigenous\/wp-content\/uploads\/sites\/2\/2024\/05\/20230502_120315-510x287.jpeg 510w, https:\/\/farandwild.org\/indigenous\/wp-content\/uploads\/sites\/2\/2024\/05\/20230502_120315.jpeg 1200w\" sizes=\"auto, (max-width: 1020px) 100vw, 1020px\" \/>\t\t\t\t\t\t\n\t\t\t\t\t<\/div>\n\t\t\t\t\t\t<\/a>\t\t\n<style>\n#image_1332354319 {\n  width: 100%;\n}\n<\/style>\n\t<\/div>\n\t\n\t<div id=\"text-2328316187\" class=\"text\">\n\t\t\n<p><span style=\"font-size: 120%;\"><strong>From: \u20ac50<\/strong><\/span><br \/>\nHave you ever wondered about the life beneath or seas and oceans? Our Life Beneath the Sea Snorkel tours are an amazing immersive experience into a world little known.<\/p>\n\t\t\n<style>\n#text-2328316187 {\n  text-align: left;\n}\n<\/style>\n\t<\/div>\n\t\n<a href=\"https:\/\/farandwild.org\/indigenous\/tour\/our-life-beneath-the-sea-snorkelling\/\" class=\"button primary\"  >\n    <span>Book now<\/span>\n  <\/a>\n\n\t\t<\/div>\n\t\t\t\t\t<\/div>\n\n\t\n\n\t<div id=\"col-2084077167\" class=\"col medium-4 small-12 large-4\"  >\n\t\t\t\t<div class=\"col-inner\"  >\n\t\t\t\n\t\t\t\n\t<div id=\"text-314131682\" class=\"text\">\n\t\t\n<h2 style=\"text-align: center;\"><span lang=\"EN-GB\">Small &amp; Beautiful<br \/>\n<\/span><\/h2>\n<div>\n<h5 style=\"text-align: center;\" data-line-height=\"m\">Walking the City-scape.<\/h5>\n<\/div>\n\t\t\n<style>\n#text-314131682 {\n  line-height: 0.75;\n}\n<\/style>\n\t<\/div>\n\t\n\t<div id=\"gap-897905460\" class=\"gap-element clearfix\" style=\"display:block; height:auto;\">\n\t\t\n<style>\n#gap-897905460 {\n  padding-top: 15px;\n}\n<\/style>\n\t<\/div>\n\t\n\t<div class=\"img has-hover x md-x lg-x y md-y lg-y\" id=\"image_52517741\">\n\t\t<a class=\"\" href=\"https:\/\/farandwild.org\/indigenous\/tour\/small-and-beautiful\/\" >\t\t\t\t\t\t<div class=\"img-inner image-cover dark\" style=\"padding-top:300px;\">\n\t\t\t<img loading=\"lazy\" decoding=\"async\" width=\"1020\" height=\"680\" src=\"https:\/\/farandwild.org\/indigenous\/wp-content\/uploads\/sites\/2\/2022\/02\/69309D1F-32DC-4F99-9130-F8E2C93616F4_1_201_a-1024x683.jpeg\" class=\"attachment-large size-large\" alt=\"\" srcset=\"https:\/\/farandwild.org\/indigenous\/wp-content\/uploads\/sites\/2\/2022\/02\/69309D1F-32DC-4F99-9130-F8E2C93616F4_1_201_a-1024x683.jpeg 1024w, https:\/\/farandwild.org\/indigenous\/wp-content\/uploads\/sites\/2\/2022\/02\/69309D1F-32DC-4F99-9130-F8E2C93616F4_1_201_a-300x200.jpeg 300w, https:\/\/farandwild.org\/indigenous\/wp-content\/uploads\/sites\/2\/2022\/02\/69309D1F-32DC-4F99-9130-F8E2C93616F4_1_201_a-768x512.jpeg 768w, https:\/\/farandwild.org\/indigenous\/wp-content\/uploads\/sites\/2\/2022\/02\/69309D1F-32DC-4F99-9130-F8E2C93616F4_1_201_a-1536x1024.jpeg 1536w, https:\/\/farandwild.org\/indigenous\/wp-content\/uploads\/sites\/2\/2022\/02\/69309D1F-32DC-4F99-9130-F8E2C93616F4_1_201_a-510x340.jpeg 510w, https:\/\/farandwild.org\/indigenous\/wp-content\/uploads\/sites\/2\/2022\/02\/69309D1F-32DC-4F99-9130-F8E2C93616F4_1_201_a.jpeg 1600w\" sizes=\"auto, (max-width: 1020px) 100vw, 1020px\" \/>\t\t\t\t\t\t\n\t\t\t\t\t<\/div>\n\t\t\t\t\t\t<\/a>\t\t\n<style>\n#image_52517741 {\n  width: 100%;\n}\n<\/style>\n\t<\/div>\n\t\n\t<div id=\"text-2683515864\" class=\"text\">\n\t\t\n<p><span style=\"font-size: 120%;\"><strong>From: \u20ac40<\/strong><\/span><br \/>\nNo other walking tour offers the perspective that situates place within an indigenous story, comprising legend and epic adventure, wrapping around the everyday and mundane.<\/p>\n\t\t\n<style>\n#text-2683515864 {\n  text-align: left;\n}\n<\/style>\n\t<\/div>\n\t\n<a href=\"https:\/\/farandwild.org\/indigenous\/tour\/small-and-beautiful\/\" class=\"button primary\"  >\n    <span>Book now<\/span>\n  <\/a>\n\n\t\t<\/div>\n\t\t\t\t\t<\/div>\n\n\t\n<\/div>\n","protected":false},"excerpt":{"rendered":"","protected":false},"author":1,"featured_media":0,"parent":0,"menu_order":0,"comment_status":"closed","ping_status":"closed","template":"page-transparent-header-light.php","meta":{"footnotes":""},"class_list":["post-7694","page","type-page","status-publish","hentry"],"yoast_head":"<!-- This site is optimized with the Yoast SEO plugin v20.13 - https:\/\/yoast.com\/wordpress\/plugins\/seo\/ -->\n<title>Indigenous - Indigenous<\/title>\n<meta name=\"robots\" content=\"index, follow, max-snippet:-1, max-image-preview:large, max-video-preview:-1\" \/>\n<link rel=\"canonical\" href=\"https:\/\/farandwild.org\/indigenous\/ga\/\" \/>\n<meta property=\"og:locale\" content=\"ga_IE\" \/>\n<meta property=\"og:type\" content=\"article\" \/>\n<meta property=\"og:title\" content=\"Indigenous - Indigenous\" \/>\n<meta property=\"og:url\" content=\"https:\/\/farandwild.org\/indigenous\/ga\/\" \/>\n<meta property=\"og:site_name\" content=\"Indigenous\" \/>\n<meta property=\"article:modified_time\" content=\"2024-07-30T17:22:20+00:00\" \/>\n<meta name=\"twitter:card\" content=\"summary_large_image\" \/>\n<meta name=\"twitter:label1\" content=\"Est. reading time\" \/>\n\t<meta name=\"twitter:data1\" content=\"5 minutes\" \/>\n<script type=\"application\/ld+json\" class=\"yoast-schema-graph\">{\"@context\":\"https:\/\/schema.org\",\"@graph\":[{\"@type\":\"WebPage\",\"@id\":\"https:\/\/farandwild.org\/indigenous\/ga\/\",\"url\":\"https:\/\/farandwild.org\/indigenous\/ga\/\",\"name\":\"Indigenous - Indigenous\",\"isPartOf\":{\"@id\":\"https:\/\/farandwild.org\/indigenous\/#website\"},\"datePublished\":\"2022-02-24T16:16:28+00:00\",\"dateModified\":\"2024-07-30T17:22:20+00:00\",\"breadcrumb\":{\"@id\":\"https:\/\/farandwild.org\/indigenous\/ga\/#breadcrumb\"},\"inLanguage\":\"ga-IE\",\"potentialAction\":[{\"@type\":\"ReadAction\",\"target\":[\"https:\/\/farandwild.org\/indigenous\/ga\/\"]}]},{\"@type\":\"BreadcrumbList\",\"@id\":\"https:\/\/farandwild.org\/indigenous\/ga\/#breadcrumb\",\"itemListElement\":[{\"@type\":\"ListItem\",\"position\":1,\"name\":\"Home\",\"item\":\"https:\/\/farandwild.org\/indigenous\/ga\/\"},{\"@type\":\"ListItem\",\"position\":2,\"name\":\"Indigenous\"}]},{\"@type\":\"WebSite\",\"@id\":\"https:\/\/farandwild.org\/indigenous\/#website\",\"url\":\"https:\/\/farandwild.org\/indigenous\/\",\"name\":\"Indigenous\",\"description\":\"Indigenous Ireland\",\"potentialAction\":[{\"@type\":\"SearchAction\",\"target\":{\"@type\":\"EntryPoint\",\"urlTemplate\":\"https:\/\/farandwild.org\/indigenous\/?s={search_term_string}\"},\"query-input\":\"required name=search_term_string\"}],\"inLanguage\":\"ga-IE\"}]}<\/script>\n<!-- \/ Yoast SEO plugin. -->","yoast_head_json":{"title":"Indigenous - Indigenous","robots":{"index":"index","follow":"follow","max-snippet":"max-snippet:-1","max-image-preview":"max-image-preview:large","max-video-preview":"max-video-preview:-1"},"canonical":"https:\/\/farandwild.org\/indigenous\/ga\/","og_locale":"ga_IE","og_type":"article","og_title":"Indigenous - Indigenous","og_url":"https:\/\/farandwild.org\/indigenous\/ga\/","og_site_name":"Indigenous","article_modified_time":"2024-07-30T17:22:20+00:00","twitter_card":"summary_large_image","twitter_misc":{"Est. reading time":"5 minutes"},"schema":{"@context":"https:\/\/schema.org","@graph":[{"@type":"WebPage","@id":"https:\/\/farandwild.org\/indigenous\/ga\/","url":"https:\/\/farandwild.org\/indigenous\/ga\/","name":"Indigenous - Indigenous","isPartOf":{"@id":"https:\/\/farandwild.org\/indigenous\/#website"},"datePublished":"2022-02-24T16:16:28+00:00","dateModified":"2024-07-30T17:22:20+00:00","breadcrumb":{"@id":"https:\/\/farandwild.org\/indigenous\/ga\/#breadcrumb"},"inLanguage":"ga-IE","potentialAction":[{"@type":"ReadAction","target":["https:\/\/farandwild.org\/indigenous\/ga\/"]}]},{"@type":"BreadcrumbList","@id":"https:\/\/farandwild.org\/indigenous\/ga\/#breadcrumb","itemListElement":[{"@type":"ListItem","position":1,"name":"Home","item":"https:\/\/farandwild.org\/indigenous\/ga\/"},{"@type":"ListItem","position":2,"name":"Indigenous"}]},{"@type":"WebSite","@id":"https:\/\/farandwild.org\/indigenous\/#website","url":"https:\/\/farandwild.org\/indigenous\/","name":"Indigenous","description":"Indigenous Ireland","potentialAction":[{"@type":"SearchAction","target":{"@type":"EntryPoint","urlTemplate":"https:\/\/farandwild.org\/indigenous\/?s={search_term_string}"},"query-input":"required name=search_term_string"}],"inLanguage":"ga-IE"}]}},"_links":{"self":[{"href":"https:\/\/farandwild.org\/indigenous\/ga\/wp-json\/wp\/v2\/pages\/7694","targetHints":{"allow":["GET"]}}],"collection":[{"href":"https:\/\/farandwild.org\/indigenous\/ga\/wp-json\/wp\/v2\/pages"}],"about":[{"href":"https:\/\/farandwild.org\/indigenous\/ga\/wp-json\/wp\/v2\/types\/page"}],"author":[{"embeddable":true,"href":"https:\/\/farandwild.org\/indigenous\/ga\/wp-json\/wp\/v2\/users\/1"}],"replies":[{"embeddable":true,"href":"https:\/\/farandwild.org\/indigenous\/ga\/wp-json\/wp\/v2\/comments?post=7694"}],"version-history":[{"count":13,"href":"https:\/\/farandwild.org\/indigenous\/ga\/wp-json\/wp\/v2\/pages\/7694\/revisions"}],"predecessor-version":[{"id":7927,"href":"https:\/\/farandwild.org\/indigenous\/ga\/wp-json\/wp\/v2\/pages\/7694\/revisions\/7927"}],"wp:attachment":[{"href":"https:\/\/farandwild.org\/indigenous\/ga\/wp-json\/wp\/v2\/media?parent=7694"}],"curies":[{"name":"wp","href":"https:\/\/api.w.org\/{rel}","templated":true}]}}